{"id":271,"date":"2021-12-06T18:26:55","date_gmt":"2021-12-06T17:26:55","guid":{"rendered":"https:\/\/fibarthome.it\/?page_id=271"},"modified":"2021-12-06T18:29:01","modified_gmt":"2021-12-06T17:29:01","slug":"zerowaste-biologisch-abbaubare-stoffe","status":"publish","type":"page","link":"https:\/\/fibarthome.it\/de\/zerowaste-biologisch-abbaubare-stoffe\/","title":{"rendered":"ZeroWaste &#8211; Biologisch abbaubare Stoffe"},"content":{"rendered":"\t\t<div data-elementor-type=\"wp-page\" data-elementor-id=\"271\" class=\"elementor elementor-271 elementor-128\">\n\t\t\t\t\t\t<section class=\"elementor-section elementor-top-section elementor-element elementor-element-039a058 elementor-section-height-min-height elementor-section-items-bottom elementor-section-boxed elementor-section-height-default\" data-id=\"039a058\" data-element_type=\"section\" data-settings=\"{&quot;background_background&quot;:&quot;classic&quot;}\">\n\t\t\t\t\t\t<div class=\"elementor-container elementor-column-gap-default\">\n\t\t\t\t\t<div class=\"elementor-column elementor-col-100 elementor-top-column elementor-element elementor-element-5c46bf8\" data-id=\"5c46bf8\" data-element_type=\"column\">\n\t\t\t<div class=\"elementor-widget-wrap elementor-element-populated\">\n\t\t\t\t\t\t<div class=\"elementor-element elementor-element-9d447ee textw text-shadow page-title elementor-invisible elementor-widget elementor-widget-text-editor\" data-id=\"9d447ee\" data-element_type=\"widget\" data-settings=\"{&quot;_animation&quot;:&quot;fadeInDown&quot;}\" data-widget_type=\"text-editor.default\">\n\t\t\t\t<div class=\"elementor-widget-container\">\n\t\t\t\t\t\t\t\t\t<h1 style=\"text-align: center;\">ZeroWaste &#8211; Biologisch abbaubare Stoffe<\/h1>\t\t\t\t\t\t\t\t<\/div>\n\t\t\t\t<\/div>\n\t\t\t\t\t<\/div>\n\t\t<\/div>\n\t\t\t\t\t<\/div>\n\t\t<\/section>\n\t\t\t\t<section class=\"elementor-section elementor-top-section elementor-element elementor-element-dc931d1 elementor-section-boxed elementor-section-height-default elementor-section-height-default elementor-invisible\" data-id=\"dc931d1\" data-element_type=\"section\" data-settings=\"{&quot;animation&quot;:&quot;fadeInUp&quot;}\">\n\t\t\t\t\t\t<div class=\"elementor-container elementor-column-gap-default\">\n\t\t\t\t\t<div class=\"elementor-column elementor-col-16 elementor-top-column elementor-element elementor-element-5c44f63\" data-id=\"5c44f63\" data-element_type=\"column\">\n\t\t\t<div class=\"elementor-widget-wrap\">\n\t\t\t\t\t\t\t<\/div>\n\t\t<\/div>\n\t\t\t\t<div class=\"elementor-column elementor-col-66 elementor-top-column elementor-element elementor-element-76a0c3e\" data-id=\"76a0c3e\" data-element_type=\"column\">\n\t\t\t<div class=\"elementor-widget-wrap elementor-element-populated\">\n\t\t\t\t\t\t<div class=\"elementor-element elementor-element-128e78f elementor-widget elementor-widget-text-editor\" data-id=\"128e78f\" data-element_type=\"widget\" data-widget_type=\"text-editor.default\">\n\t\t\t\t<div class=\"elementor-widget-container\">\n\t\t\t\t\t\t\t\t\t<p style=\"text-align: center;\">Die Welt erzeugt j\u00e4hrlich 2 Milliarden Tonnen Siedlungsabf\u00e4lle, und diese Zahl wird voraussichtlich im Laufe der Zeit steigen. Etwa ein Drittel des Abfalls wird deponiert. Indem wir so weitermachen, werden wir unser \u00d6kosystem zerst\u00f6ren. In dieser Phase stehen wir vor einem Umweltnotstand, auch wenn es keine einzige L\u00f6sung gibt, wir haben uns entschieden, Teil der L\u00f6sung zu sein. Der biologische Abbau ist eine der vorgeschlagenen Optionen, um die gro\u00dfe Menge an Plastikm\u00fcll zu bek\u00e4mpfen.<\/p><p style=\"text-align: center;\">Der Nachteil der Langlebigkeit von Polyester ist, dass es etwa 300 Jahre dauert, sich in der Umwelt zu zersetzen. Unsere Polyestergarne reduzieren ihre Zersetzungszeit auf gesch\u00e4tzte 3 bis 5 Jahre.<\/p>\t\t\t\t\t\t\t\t<\/div>\n\t\t\t\t<\/div>\n\t\t\t\t\t<\/div>\n\t\t<\/div>\n\t\t\t\t<div class=\"elementor-column elementor-col-16 elementor-top-column elementor-element elementor-element-9381cb7\" data-id=\"9381cb7\" data-element_type=\"column\">\n\t\t\t<div class=\"elementor-widget-wrap\">\n\t\t\t\t\t\t\t<\/div>\n\t\t<\/div>\n\t\t\t\t\t<\/div>\n\t\t<\/section>\n\t\t\t\t<section class=\"elementor-section elementor-top-section elementor-element elementor-element-b6b38aa elementor-section-full_width elementor-section-content-middle elementor-section-height-default elementor-section-height-default\" data-id=\"b6b38aa\" data-element_type=\"section\" data-settings=\"{&quot;background_background&quot;:&quot;classic&quot;}\">\n\t\t\t\t\t\t<div class=\"elementor-container elementor-column-gap-no\">\n\t\t\t\t\t<div class=\"elementor-column elementor-col-50 elementor-top-column elementor-element elementor-element-b16ae12\" data-id=\"b16ae12\" data-element_type=\"column\">\n\t\t\t<div class=\"elementor-widget-wrap elementor-element-populated\">\n\t\t\t\t\t\t<div class=\"elementor-element elementor-element-3a892ec elementor-widget elementor-widget-image\" data-id=\"3a892ec\" data-element_type=\"widget\" data-widget_type=\"image.default\">\n\t\t\t\t<div class=\"elementor-widget-container\">\n\t\t\t\t\t\t\t\t\t\t\t\t\t\t\t<img fetchpriority=\"high\" decoding=\"async\" width=\"800\" height=\"560\" src=\"https:\/\/fibarthome.it\/wp-content\/uploads\/2021\/11\/biodegradation.jpg\" class=\"attachment-full size-full wp-image-181\" alt=\"\" srcset=\"https:\/\/fibarthome.it\/wp-content\/uploads\/2021\/11\/biodegradation.jpg 800w, https:\/\/fibarthome.it\/wp-content\/uploads\/2021\/11\/biodegradation-300x210.jpg 300w, https:\/\/fibarthome.it\/wp-content\/uploads\/2021\/11\/biodegradation-768x538.jpg 768w\" sizes=\"(max-width: 800px) 100vw, 800px\" \/>\t\t\t\t\t\t\t\t\t\t\t\t\t\t\t<\/div>\n\t\t\t\t<\/div>\n\t\t\t\t\t<\/div>\n\t\t<\/div>\n\t\t\t\t<div class=\"elementor-column elementor-col-50 elementor-top-column elementor-element elementor-element-bfefe57 elementor-invisible\" data-id=\"bfefe57\" data-element_type=\"column\" data-settings=\"{&quot;animation&quot;:&quot;fadeInRight&quot;}\">\n\t\t\t<div class=\"elementor-widget-wrap elementor-element-populated\">\n\t\t\t\t\t\t<div class=\"elementor-element elementor-element-22d73d1 elementor-widget elementor-widget-text-editor\" data-id=\"22d73d1\" data-element_type=\"widget\" data-widget_type=\"text-editor.default\">\n\t\t\t\t<div class=\"elementor-widget-container\">\n\t\t\t\t\t\t\t\t\t<h2>Biologischer Abbauprozess<\/h2><p>Der biologische Abbau ist ein Prozess, bei dem die molekulare Struktur von Materialien durch metabolische und enzymatische Prozesse abgebaut wird.<br \/>Der Abbauprozess erfolgt durch von Mikroorganismen verborgene Enzyme, die nat\u00fcrlicherweise in anaeroben (ohne Sauerstoff) und aeroben (mit Sauerstoff) Umgebungen vorhanden sind, die allein oder in Kolonien arbeiten und eine wichtige Rolle in unserem \u00d6kosystem und nicht nur beim biologischen Abbauprozess spielen.<\/p><p>Biomasse (Humus) und Biogas (Kohlendioxid und Methan) sind die Produkte, die bei einem biologischen Abbauprozess entstehen.<\/p>\t\t\t\t\t\t\t\t<\/div>\n\t\t\t\t<\/div>\n\t\t\t\t\t<\/div>\n\t\t<\/div>\n\t\t\t\t\t<\/div>\n\t\t<\/section>\n\t\t\t\t<section class=\"elementor-section elementor-top-section elementor-element elementor-element-74d75b5 elementor-section-full_width elementor-section-content-middle elementor-reverse-tablet elementor-reverse-mobile elementor-section-height-default elementor-section-height-default\" data-id=\"74d75b5\" data-element_type=\"section\" data-settings=\"{&quot;background_background&quot;:&quot;classic&quot;}\">\n\t\t\t\t\t\t<div class=\"elementor-container elementor-column-gap-no\">\n\t\t\t\t\t<div class=\"elementor-column elementor-col-50 elementor-top-column elementor-element elementor-element-8c9c6d6 elementor-invisible\" data-id=\"8c9c6d6\" data-element_type=\"column\" data-settings=\"{&quot;animation&quot;:&quot;fadeInLeft&quot;}\">\n\t\t\t<div class=\"elementor-widget-wrap elementor-element-populated\">\n\t\t\t\t\t\t<div class=\"elementor-element elementor-element-f58c3f1 elementor-widget elementor-widget-text-editor\" data-id=\"f58c3f1\" data-element_type=\"widget\" data-widget_type=\"text-editor.default\">\n\t\t\t\t<div class=\"elementor-widget-container\">\n\t\t\t\t\t\t\t\t\t<p>W\u00e4hrend der anf\u00e4ngliche biologische Abbau in der Natur aerob ist, ist die wichtigste Bioreaktion auf Deponien die anaerobe Bioverdauung. Deponiemikroben zersetzen organisches Material und reduzieren dessen Volumen oder Masse.<\/p><p>Unsere Polyestergarne werden durch eine Mischung organischer Verbindungen modifiziert, die die Eigenschaften des Endprodukts, sei es texturierte, spinnd\u00fcsengef\u00e4rbte oder kegelgef\u00e4rbte Garne, oder die verschiedenen Stufen des Produktionsprozesses nicht beeintr\u00e4chtigen.<\/p><p>Mit anderen Worten, die Dauer und die Leistungen w\u00e4hrend des Gebrauchs bleiben im Vergleich zu jedem anderen Polyestergarn unver\u00e4ndert.<\/p>\t\t\t\t\t\t\t\t<\/div>\n\t\t\t\t<\/div>\n\t\t\t\t\t<\/div>\n\t\t<\/div>\n\t\t\t\t<div class=\"elementor-column elementor-col-50 elementor-top-column elementor-element elementor-element-ce70674\" data-id=\"ce70674\" data-element_type=\"column\">\n\t\t\t<div class=\"elementor-widget-wrap elementor-element-populated\">\n\t\t\t\t\t\t<div class=\"elementor-element elementor-element-91c73df elementor-widget elementor-widget-image\" data-id=\"91c73df\" data-element_type=\"widget\" data-widget_type=\"image.default\">\n\t\t\t\t<div class=\"elementor-widget-container\">\n\t\t\t\t\t\t\t\t\t\t\t\t\t\t\t<img decoding=\"async\" width=\"800\" height=\"560\" src=\"https:\/\/fibarthome.it\/wp-content\/uploads\/2021\/11\/biodegradation-microscope.jpg\" class=\"attachment-full size-full wp-image-197\" alt=\"\" srcset=\"https:\/\/fibarthome.it\/wp-content\/uploads\/2021\/11\/biodegradation-microscope.jpg 800w, https:\/\/fibarthome.it\/wp-content\/uploads\/2021\/11\/biodegradation-microscope-300x210.jpg 300w, https:\/\/fibarthome.it\/wp-content\/uploads\/2021\/11\/biodegradation-microscope-768x538.jpg 768w\" sizes=\"(max-width: 800px) 100vw, 800px\" \/>\t\t\t\t\t\t\t\t\t\t\t\t\t\t\t<\/div>\n\t\t\t\t<\/div>\n\t\t\t\t\t<\/div>\n\t\t<\/div>\n\t\t\t\t\t<\/div>\n\t\t<\/section>\n\t\t\t\t<section class=\"elementor-section elementor-top-section elementor-element elementor-element-77bb899 elementor-section-boxed elementor-section-height-default elementor-section-height-default\" data-id=\"77bb899\" data-element_type=\"section\">\n\t\t\t\t\t\t<div class=\"elementor-container elementor-column-gap-default\">\n\t\t\t\t\t<div class=\"elementor-column elementor-col-100 elementor-top-column elementor-element elementor-element-cfcac02\" data-id=\"cfcac02\" data-element_type=\"column\">\n\t\t\t<div class=\"elementor-widget-wrap elementor-element-populated\">\n\t\t\t\t\t\t<div class=\"elementor-element elementor-element-7b9291d elementor-widget elementor-widget-text-editor\" data-id=\"7b9291d\" data-element_type=\"widget\" data-widget_type=\"text-editor.default\">\n\t\t\t\t<div class=\"elementor-widget-container\">\n\t\t\t\t\t\t\t\t\t<h2 style=\"text-align: center;\">Kontaktieren Sie uns jetzt f\u00fcr weitere Informationen<\/h2>\t\t\t\t\t\t\t\t<\/div>\n\t\t\t\t<\/div>\n\t\t\t\t\t<\/div>\n\t\t<\/div>\n\t\t\t\t\t<\/div>\n\t\t<\/section>\n\t\t\t\t<section class=\"elementor-section elementor-top-section elementor-element elementor-element-ccf5cd8 elementor-section-boxed elementor-section-height-default elementor-section-height-default\" data-id=\"ccf5cd8\" data-element_type=\"section\">\n\t\t\t\t\t\t<div class=\"elementor-container elementor-column-gap-default\">\n\t\t\t\t\t<div class=\"elementor-column elementor-col-25 elementor-top-column elementor-element elementor-element-9e0af9d\" data-id=\"9e0af9d\" data-element_type=\"column\">\n\t\t\t<div class=\"elementor-widget-wrap\">\n\t\t\t\t\t\t\t<\/div>\n\t\t<\/div>\n\t\t\t\t<div class=\"elementor-column elementor-col-25 elementor-top-column elementor-element elementor-element-855aa5a\" data-id=\"855aa5a\" data-element_type=\"column\">\n\t\t\t<div class=\"elementor-widget-wrap elementor-element-populated\">\n\t\t\t\t\t\t<div class=\"elementor-element elementor-element-0e725a9 elementor-view-framed elementor-shape-circle elementor-widget elementor-widget-icon\" data-id=\"0e725a9\" data-element_type=\"widget\" data-widget_type=\"icon.default\">\n\t\t\t\t<div class=\"elementor-widget-container\">\n\t\t\t\t\t\t\t<div class=\"elementor-icon-wrapper\">\n\t\t\t<div class=\"elementor-icon\">\n\t\t\t<i aria-hidden=\"true\" class=\"fas fa-phone-alt\"><\/i>\t\t\t<\/div>\n\t\t<\/div>\n\t\t\t\t\t\t<\/div>\n\t\t\t\t<\/div>\n\t\t\t\t<div class=\"elementor-element elementor-element-40ab59c elementor-widget elementor-widget-text-editor\" data-id=\"40ab59c\" data-element_type=\"widget\" data-widget_type=\"text-editor.default\">\n\t\t\t\t<div class=\"elementor-widget-container\">\n\t\t\t\t\t\t\t\t\t<p style=\"text-align: center;\"><a href=\"tel:&#43;3&#57;&#32;&#48;&#53;7&#52; 1&#53;&#53;&#48;&#52;&#53;5\" onclick=\"gtag('event', 'tel_click', {'event_category' : 'Click Contatto', 'event_label' : 'Telefono'});\">+39&#32;&#48;&#53;7&#52; 1&#53;50455<\/a><\/p>\t\t\t\t\t\t\t\t<\/div>\n\t\t\t\t<\/div>\n\t\t\t\t\t<\/div>\n\t\t<\/div>\n\t\t\t\t<div class=\"elementor-column elementor-col-25 elementor-top-column elementor-element elementor-element-dda4912\" data-id=\"dda4912\" data-element_type=\"column\">\n\t\t\t<div class=\"elementor-widget-wrap elementor-element-populated\">\n\t\t\t\t\t\t<div class=\"elementor-element elementor-element-7533311 elementor-view-framed elementor-shape-circle elementor-widget elementor-widget-icon\" data-id=\"7533311\" data-element_type=\"widget\" data-widget_type=\"icon.default\">\n\t\t\t\t<div class=\"elementor-widget-container\">\n\t\t\t\t\t\t\t<div class=\"elementor-icon-wrapper\">\n\t\t\t<div class=\"elementor-icon\">\n\t\t\t<i aria-hidden=\"true\" class=\"fas fa-envelope\"><\/i>\t\t\t<\/div>\n\t\t<\/div>\n\t\t\t\t\t\t<\/div>\n\t\t\t\t<\/div>\n\t\t\t\t<div class=\"elementor-element elementor-element-8e74d02 elementor-widget elementor-widget-text-editor\" data-id=\"8e74d02\" data-element_type=\"widget\" data-widget_type=\"text-editor.default\">\n\t\t\t\t<div class=\"elementor-widget-container\">\n\t\t\t\t\t\t\t\t\t<p style=\"text-align: center;\"><a href=\"mailto:c&#111;&#109;m&#101;&#114;c&#105;&#97;&#108;&#101;&#64;&#102;&#105;b&#97;r&#116;h&#111;m&#101;&#46;&#105;&#116;\" onclick=\"gtag('event', 'email_click', {'event_category' : 'Click Contatto', 'event_label' : 'Email'});\">&#99;&#111;mme&#114;cia&#108;e&#64;f&#105;&#98;ar&#116;&#104;&#111;me&#46;i&#116;<\/a><\/p>\t\t\t\t\t\t\t\t<\/div>\n\t\t\t\t<\/div>\n\t\t\t\t\t<\/div>\n\t\t<\/div>\n\t\t\t\t<div class=\"elementor-column elementor-col-25 elementor-top-column elementor-element elementor-element-4903c3d\" data-id=\"4903c3d\" data-element_type=\"column\">\n\t\t\t<div class=\"elementor-widget-wrap\">\n\t\t\t\t\t\t\t<\/div>\n\t\t<\/div>\n\t\t\t\t\t<\/div>\n\t\t<\/section>\n\t\t\t\t<\/div>\n\t\t","protected":false},"excerpt":{"rendered":"<p>ZeroWaste &#8211; Biologisch abbaubare Stoffe Die Welt erzeugt j\u00e4hrlich 2<a href=\"https:\/\/fibarthome.it\/de\/zerowaste-biologisch-abbaubare-stoffe\/\">Leggi Tutto<\/a><\/p>\n","protected":false},"author":1,"featured_media":0,"parent":0,"menu_order":0,"comment_status":"closed","ping_status":"closed","template":"full-width.php","meta":{"_acf_changed":false,"footnotes":""},"class_list":["post-271","page","type-page","status-publish","hentry"],"acf":[],"yoast_head":"<!-- This site is optimized with the Yoast SEO plugin v27.4 - https:\/\/yoast.com\/product\/yoast-seo-wordpress\/ -->\n<title>ZeroWaste - Biologisch abbaubare Stoffe - Fibart Home<\/title>\n<meta name=\"robots\" content=\"noindex, follow\" \/>\n<meta property=\"og:locale\" content=\"de_DE\" \/>\n<meta property=\"og:type\" content=\"article\" \/>\n<meta property=\"og:title\" content=\"ZeroWaste - Biologisch abbaubare Stoffe - Fibart Home\" \/>\n<meta property=\"og:description\" content=\"ZeroWaste &#8211; Biologisch abbaubare Stoffe Die Welt erzeugt j\u00e4hrlich 2Leggi Tutto\" \/>\n<meta property=\"og:url\" content=\"https:\/\/fibarthome.it\/en\/zerowaste-biodegradable-fabrics\/\" \/>\n<meta property=\"og:site_name\" content=\"Fibart Home\" \/>\n<meta property=\"article:modified_time\" content=\"2021-12-06T17:29:01+00:00\" \/>\n<meta property=\"og:image\" content=\"https:\/\/fibarthome.it\/wp-content\/uploads\/2021\/11\/biodegradation.jpg\" \/>\n<meta name=\"twitter:card\" content=\"summary_large_image\" \/>\n<meta name=\"twitter:label1\" content=\"Gesch\u00e4tzte Lesezeit\" \/>\n\t<meta name=\"twitter:data1\" content=\"2\u00a0Minuten\" \/>\n<script type=\"application\/ld+json\" class=\"yoast-schema-graph\">{\"@context\":\"https:\\\/\\\/schema.org\",\"@graph\":[{\"@type\":\"WebPage\",\"@id\":\"https:\\\/\\\/fibarthome.it\\\/en\\\/zerowaste-biodegradable-fabrics\\\/\",\"url\":\"https:\\\/\\\/fibarthome.it\\\/en\\\/zerowaste-biodegradable-fabrics\\\/\",\"name\":\"ZeroWaste - Biologisch abbaubare Stoffe - Fibart Home\",\"isPartOf\":{\"@id\":\"https:\\\/\\\/fibarthome.it\\\/#website\"},\"primaryImageOfPage\":{\"@id\":\"https:\\\/\\\/fibarthome.it\\\/en\\\/zerowaste-biodegradable-fabrics\\\/#primaryimage\"},\"image\":{\"@id\":\"https:\\\/\\\/fibarthome.it\\\/en\\\/zerowaste-biodegradable-fabrics\\\/#primaryimage\"},\"thumbnailUrl\":\"https:\\\/\\\/fibarthome.it\\\/wp-content\\\/uploads\\\/2021\\\/11\\\/biodegradation.jpg\",\"datePublished\":\"2021-12-06T17:26:55+00:00\",\"dateModified\":\"2021-12-06T17:29:01+00:00\",\"breadcrumb\":{\"@id\":\"https:\\\/\\\/fibarthome.it\\\/en\\\/zerowaste-biodegradable-fabrics\\\/#breadcrumb\"},\"inLanguage\":\"de\",\"potentialAction\":[{\"@type\":\"ReadAction\",\"target\":[\"https:\\\/\\\/fibarthome.it\\\/en\\\/zerowaste-biodegradable-fabrics\\\/\"]}]},{\"@type\":\"ImageObject\",\"inLanguage\":\"de\",\"@id\":\"https:\\\/\\\/fibarthome.it\\\/en\\\/zerowaste-biodegradable-fabrics\\\/#primaryimage\",\"url\":\"https:\\\/\\\/fibarthome.it\\\/wp-content\\\/uploads\\\/2021\\\/11\\\/biodegradation.jpg\",\"contentUrl\":\"https:\\\/\\\/fibarthome.it\\\/wp-content\\\/uploads\\\/2021\\\/11\\\/biodegradation.jpg\"},{\"@type\":\"BreadcrumbList\",\"@id\":\"https:\\\/\\\/fibarthome.it\\\/en\\\/zerowaste-biodegradable-fabrics\\\/#breadcrumb\",\"itemListElement\":[{\"@type\":\"ListItem\",\"position\":1,\"name\":\"Home\",\"item\":\"https:\\\/\\\/fibarthome.it\\\/de\\\/\"},{\"@type\":\"ListItem\",\"position\":2,\"name\":\"ZeroWaste &#8211; Biologisch abbaubare Stoffe\"}]},{\"@type\":\"WebSite\",\"@id\":\"https:\\\/\\\/fibarthome.it\\\/#website\",\"url\":\"https:\\\/\\\/fibarthome.it\\\/\",\"name\":\"Fibart Home\",\"description\":\"\",\"potentialAction\":[{\"@type\":\"SearchAction\",\"target\":{\"@type\":\"EntryPoint\",\"urlTemplate\":\"https:\\\/\\\/fibarthome.it\\\/?s={search_term_string}\"},\"query-input\":{\"@type\":\"PropertyValueSpecification\",\"valueRequired\":true,\"valueName\":\"search_term_string\"}}],\"inLanguage\":\"de\"}]}<\/script>\n<!-- \/ Yoast SEO plugin. -->","yoast_head_json":{"title":"ZeroWaste - Biologisch abbaubare Stoffe - Fibart Home","robots":{"index":"noindex","follow":"follow"},"og_locale":"de_DE","og_type":"article","og_title":"ZeroWaste - Biologisch abbaubare Stoffe - Fibart Home","og_description":"ZeroWaste &#8211; Biologisch abbaubare Stoffe Die Welt erzeugt j\u00e4hrlich 2Leggi Tutto","og_url":"https:\/\/fibarthome.it\/en\/zerowaste-biodegradable-fabrics\/","og_site_name":"Fibart Home","article_modified_time":"2021-12-06T17:29:01+00:00","og_image":[{"url":"https:\/\/fibarthome.it\/wp-content\/uploads\/2021\/11\/biodegradation.jpg","type":"","width":"","height":""}],"twitter_card":"summary_large_image","twitter_misc":{"Gesch\u00e4tzte Lesezeit":"2\u00a0Minuten"},"schema":{"@context":"https:\/\/schema.org","@graph":[{"@type":"WebPage","@id":"https:\/\/fibarthome.it\/en\/zerowaste-biodegradable-fabrics\/","url":"https:\/\/fibarthome.it\/en\/zerowaste-biodegradable-fabrics\/","name":"ZeroWaste - Biologisch abbaubare Stoffe - Fibart Home","isPartOf":{"@id":"https:\/\/fibarthome.it\/#website"},"primaryImageOfPage":{"@id":"https:\/\/fibarthome.it\/en\/zerowaste-biodegradable-fabrics\/#primaryimage"},"image":{"@id":"https:\/\/fibarthome.it\/en\/zerowaste-biodegradable-fabrics\/#primaryimage"},"thumbnailUrl":"https:\/\/fibarthome.it\/wp-content\/uploads\/2021\/11\/biodegradation.jpg","datePublished":"2021-12-06T17:26:55+00:00","dateModified":"2021-12-06T17:29:01+00:00","breadcrumb":{"@id":"https:\/\/fibarthome.it\/en\/zerowaste-biodegradable-fabrics\/#breadcrumb"},"inLanguage":"de","potentialAction":[{"@type":"ReadAction","target":["https:\/\/fibarthome.it\/en\/zerowaste-biodegradable-fabrics\/"]}]},{"@type":"ImageObject","inLanguage":"de","@id":"https:\/\/fibarthome.it\/en\/zerowaste-biodegradable-fabrics\/#primaryimage","url":"https:\/\/fibarthome.it\/wp-content\/uploads\/2021\/11\/biodegradation.jpg","contentUrl":"https:\/\/fibarthome.it\/wp-content\/uploads\/2021\/11\/biodegradation.jpg"},{"@type":"BreadcrumbList","@id":"https:\/\/fibarthome.it\/en\/zerowaste-biodegradable-fabrics\/#breadcrumb","itemListElement":[{"@type":"ListItem","position":1,"name":"Home","item":"https:\/\/fibarthome.it\/de\/"},{"@type":"ListItem","position":2,"name":"ZeroWaste &#8211; Biologisch abbaubare Stoffe"}]},{"@type":"WebSite","@id":"https:\/\/fibarthome.it\/#website","url":"https:\/\/fibarthome.it\/","name":"Fibart Home","description":"","potentialAction":[{"@type":"SearchAction","target":{"@type":"EntryPoint","urlTemplate":"https:\/\/fibarthome.it\/?s={search_term_string}"},"query-input":{"@type":"PropertyValueSpecification","valueRequired":true,"valueName":"search_term_string"}}],"inLanguage":"de"}]}},"_links":{"self":[{"href":"https:\/\/fibarthome.it\/de\/wp-json\/wp\/v2\/pages\/271","targetHints":{"allow":["GET"]}}],"collection":[{"href":"https:\/\/fibarthome.it\/de\/wp-json\/wp\/v2\/pages"}],"about":[{"href":"https:\/\/fibarthome.it\/de\/wp-json\/wp\/v2\/types\/page"}],"author":[{"embeddable":true,"href":"https:\/\/fibarthome.it\/de\/wp-json\/wp\/v2\/users\/1"}],"replies":[{"embeddable":true,"href":"https:\/\/fibarthome.it\/de\/wp-json\/wp\/v2\/comments?post=271"}],"version-history":[{"count":4,"href":"https:\/\/fibarthome.it\/de\/wp-json\/wp\/v2\/pages\/271\/revisions"}],"predecessor-version":[{"id":275,"href":"https:\/\/fibarthome.it\/de\/wp-json\/wp\/v2\/pages\/271\/revisions\/275"}],"wp:attachment":[{"href":"https:\/\/fibarthome.it\/de\/wp-json\/wp\/v2\/media?parent=271"}],"curies":[{"name":"wp","href":"https:\/\/api.w.org\/{rel}","templated":true}]}}